{"id":50,"date":"2021-10-23T16:44:46","date_gmt":"2021-10-23T16:44:46","guid":{"rendered":"https:\/\/rsv-querfeldein-schneckenlohe.de\/?page_id=50"},"modified":"2023-05-29T08:40:45","modified_gmt":"2023-05-29T08:40:45","slug":"anmeldung-verein","status":"publish","type":"page","link":"https:\/\/rsv-querfeldein-schneckenlohe.de\/?page_id=50","title":{"rendered":"Anmeldung Verein"},"content":{"rendered":"\n<figure class=\"wp-block-image size-large\"><img loading=\"lazy\" decoding=\"async\" width=\"724\" height=\"1024\" src=\"https:\/\/rsv-querfeldein-schneckenlohe.de\/wp-content\/uploads\/2023\/01\/Anmeldeformular-RSV-Mitglieder_1-724x1024.png\" alt=\"\" class=\"wp-image-833\" srcset=\"https:\/\/rsv-querfeldein-schneckenlohe.de\/wp-content\/uploads\/2023\/01\/Anmeldeformular-RSV-Mitglieder_1-724x1024.png 724w, https:\/\/rsv-querfeldein-schneckenlohe.de\/wp-content\/uploads\/2023\/01\/Anmeldeformular-RSV-Mitglieder_1-212x300.png 212w, https:\/\/rsv-querfeldein-schneckenlohe.de\/wp-content\/uploads\/2023\/01\/Anmeldeformular-RSV-Mitglieder_1-768x1086.png 768w, https:\/\/rsv-querfeldein-schneckenlohe.de\/wp-content\/uploads\/2023\/01\/Anmeldeformular-RSV-Mitglieder_1-1086x1536.png 1086w, https:\/\/rsv-querfeldein-schneckenlohe.de\/wp-content\/uploads\/2023\/01\/Anmeldeformular-RSV-Mitglieder_1-676x956.png 676w, https:\/\/rsv-querfeldein-schneckenlohe.de\/wp-content\/uploads\/2023\/01\/Anmeldeformular-RSV-Mitglieder_1.png 1240w\" sizes=\"(max-width: 724px) 100vw, 724px\" \/><\/figure>\n\n\n\n<p><a href=\"https:\/\/rsv-querfeldein-schneckenlohe.de\/wp-content\/uploads\/2023\/01\/Anmeldeformular-RSV-Mitglieder.pdf\" data-type=\"URL\">Download Anmeldeformular PDF<\/a><\/p>\n\n\n\n<figure class=\"wp-block-image size-full\"><img loading=\"lazy\" decoding=\"async\" width=\"741\" height=\"766\" src=\"https:\/\/rsv-querfeldein-schneckenlohe.de\/wp-content\/uploads\/2021\/11\/anmeldung-rueckseite.jpg\" alt=\"\" class=\"wp-image-177\" srcset=\"https:\/\/rsv-querfeldein-schneckenlohe.de\/wp-content\/uploads\/2021\/11\/anmeldung-rueckseite.jpg 741w, https:\/\/rsv-querfeldein-schneckenlohe.de\/wp-content\/uploads\/2021\/11\/anmeldung-rueckseite-290x300.jpg 290w, https:\/\/rsv-querfeldein-schneckenlohe.de\/wp-content\/uploads\/2021\/11\/anmeldung-rueckseite-676x699.jpg 676w\" sizes=\"(max-width: 741px) 100vw, 741px\" \/><\/figure>\n\n\n\n<p><a href=\"https:\/\/rsv-querfeldein-schneckenlohe.de\/wp-content\/uploads\/2023\/01\/Anmeldeformular-Mitglieder-Zusatz.pdf\" data-type=\"URL\">Download Anmeldung R\u00fcckseite PDF<\/a><\/p>\n\n\n\n<p>Ausgef\u00fcllt \u00fcber der Kontakt Seite Schicken.<\/p>\n","protected":false},"excerpt":{"rendered":"<p>Download Anmeldeformular PDF Download Anmeldung R\u00fcckseite PDF Ausgef\u00fcllt \u00fcber der Kontakt Seite Schicken.<\/p>\n","protected":false},"author":1,"featured_media":0,"parent":0,"menu_order":0,"comment_status":"closed","ping_status":"closed","template":"","meta":{"footnotes":""},"_links":{"self":[{"href":"https:\/\/rsv-querfeldein-schneckenlohe.de\/index.php?rest_route=\/wp\/v2\/pages\/50"}],"collection":[{"href":"https:\/\/rsv-querfeldein-schneckenlohe.de\/index.php?rest_route=\/wp\/v2\/pages"}],"about":[{"href":"https:\/\/rsv-querfeldein-schneckenlohe.de\/index.php?rest_route=\/wp\/v2\/types\/page"}],"author":[{"embeddable":true,"href":"https:\/\/rsv-querfeldein-schneckenlohe.de\/index.php?rest_route=\/wp\/v2\/users\/1"}],"replies":[{"embeddable":true,"href":"https:\/\/rsv-querfeldein-schneckenlohe.de\/index.php?rest_route=%2Fwp%2Fv2%2Fcomments&post=50"}],"version-history":[{"count":14,"href":"https:\/\/rsv-querfeldein-schneckenlohe.de\/index.php?rest_route=\/wp\/v2\/pages\/50\/revisions"}],"predecessor-version":[{"id":1035,"href":"https:\/\/rsv-querfeldein-schneckenlohe.de\/index.php?rest_route=\/wp\/v2\/pages\/50\/revisions\/1035"}],"wp:attachment":[{"href":"https:\/\/rsv-querfeldein-schneckenlohe.de\/index.php?rest_route=%2Fwp%2Fv2%2Fmedia&parent=50"}],"curies":[{"name":"wp","href":"https:\/\/api.w.org\/{rel}","templated":true}]}}