{"id":455,"date":"2022-08-22T17:45:04","date_gmt":"2022-08-22T17:45:04","guid":{"rendered":"https:\/\/rsv-querfeldein-schneckenlohe.de\/?page_id=455"},"modified":"2024-09-09T16:22:23","modified_gmt":"2024-09-09T16:22:23","slug":"anfahrt-event-parkplatz","status":"publish","type":"page","link":"https:\/\/rsv-querfeldein-schneckenlohe.de\/?page_id=455","title":{"rendered":"Anfahrt Event &#038; Parkplatz"},"content":{"rendered":"\n<figure class=\"wp-block-image size-large is-resized\"><img loading=\"lazy\" decoding=\"async\" width=\"1024\" height=\"576\" src=\"https:\/\/rsv-querfeldein-schneckenlohe.de\/wp-content\/uploads\/2024\/09\/Beschilderung-plan-Parken-zum-Event-Gelaende-fuer-2024-1024x576.png\" alt=\"\" class=\"wp-image-1241\" style=\"width:752px;height:auto\" srcset=\"https:\/\/rsv-querfeldein-schneckenlohe.de\/wp-content\/uploads\/2024\/09\/Beschilderung-plan-Parken-zum-Event-Gelaende-fuer-2024-1024x576.png 1024w, https:\/\/rsv-querfeldein-schneckenlohe.de\/wp-content\/uploads\/2024\/09\/Beschilderung-plan-Parken-zum-Event-Gelaende-fuer-2024-300x169.png 300w, https:\/\/rsv-querfeldein-schneckenlohe.de\/wp-content\/uploads\/2024\/09\/Beschilderung-plan-Parken-zum-Event-Gelaende-fuer-2024-768x432.png 768w, https:\/\/rsv-querfeldein-schneckenlohe.de\/wp-content\/uploads\/2024\/09\/Beschilderung-plan-Parken-zum-Event-Gelaende-fuer-2024-676x380.png 676w, https:\/\/rsv-querfeldein-schneckenlohe.de\/wp-content\/uploads\/2024\/09\/Beschilderung-plan-Parken-zum-Event-Gelaende-fuer-2024.png 1280w\" sizes=\"(max-width: 1024px) 100vw, 1024px\" \/><\/figure>\n\n\n\n<p class=\"has-large-font-size\"><strong><em>Adresse f\u00fcr die Anfahrt <\/em><\/strong><\/p>\n\n\n\n<p>96277 Schneckenlohe ,Sportplatz und ab hier bitte den Schildern f\u00fcr Parkplatz Waldstra\u00dfe flogen rechts abbiegen und Eventgel\u00e4nde folgen. Anweisung Feuerwehr flogen.<\/p>\n","protected":false},"excerpt":{"rendered":"<p>Adresse f\u00fcr die Anfahrt 96277 Schneckenlohe ,Sportplatz und ab hier bitte den Schildern f\u00fcr Parkplatz Waldstra\u00dfe flogen rechts abbiegen und Eventgel\u00e4nde folgen. Anweisung Feuerwehr flogen.<\/p>\n","protected":false},"author":1,"featured_media":0,"parent":0,"menu_order":0,"comment_status":"closed","ping_status":"closed","template":"","meta":{"footnotes":""},"_links":{"self":[{"href":"https:\/\/rsv-querfeldein-schneckenlohe.de\/index.php?rest_route=\/wp\/v2\/pages\/455"}],"collection":[{"href":"https:\/\/rsv-querfeldein-schneckenlohe.de\/index.php?rest_route=\/wp\/v2\/pages"}],"about":[{"href":"https:\/\/rsv-querfeldein-schneckenlohe.de\/index.php?rest_route=\/wp\/v2\/types\/page"}],"author":[{"embeddable":true,"href":"https:\/\/rsv-querfeldein-schneckenlohe.de\/index.php?rest_route=\/wp\/v2\/users\/1"}],"replies":[{"embeddable":true,"href":"https:\/\/rsv-querfeldein-schneckenlohe.de\/index.php?rest_route=%2Fwp%2Fv2%2Fcomments&post=455"}],"version-history":[{"count":5,"href":"https:\/\/rsv-querfeldein-schneckenlohe.de\/index.php?rest_route=\/wp\/v2\/pages\/455\/revisions"}],"predecessor-version":[{"id":1242,"href":"https:\/\/rsv-querfeldein-schneckenlohe.de\/index.php?rest_route=\/wp\/v2\/pages\/455\/revisions\/1242"}],"wp:attachment":[{"href":"https:\/\/rsv-querfeldein-schneckenlohe.de\/index.php?rest_route=%2Fwp%2Fv2%2Fmedia&parent=455"}],"curies":[{"name":"wp","href":"https:\/\/api.w.org\/{rel}","templated":true}]}}