{"id":2,"date":"2021-10-23T16:48:37","date_gmt":"2021-10-23T16:48:37","guid":{"rendered":"https:\/\/rsv-querfeldein-schneckenlohe.de\/?page_id=2"},"modified":"2021-10-26T18:21:31","modified_gmt":"2021-10-26T18:21:31","slug":"sample-page","status":"publish","type":"page","link":"https:\/\/rsv-querfeldein-schneckenlohe.de\/?page_id=2","title":{"rendered":"Verein"},"content":{"rendered":"\n<p>Der RSV Schneckenlohe besteht seit 1999. <\/p>\n\n\n\n<p>Hier treffen sich Radsport begeisterte zum gemeinsamen Radeln.<\/p>\n\n\n\n<p>Bei Interesse einfach eine <a href=\"https:\/\/rsv-querfeldein-schneckenlohe.de\/?page_id=20\" data-type=\"page\" data-id=\"20\">Email<\/a> an uns. <\/p>\n\n\n\n<p>Ihr k\u00f6nnt euch das Training erstmal unverbindlich anschauen.<\/p>\n\n\n\n<p>Willkommen sind alle ob Anf\u00e4nger, Fortgeschrittene oder Profi einzige Voraussetzung ist ein eignes Fahrrad. <\/p>\n\n\n\n<p><\/p>\n\n\n\n<p>Zum Kinder und Jugendtraining k\u00f6nnen alle Kids kommen die schon ohne St\u00fctzr\u00e4der fahren k\u00f6nnen. Passendes Fahrrad zum Kind und voll funktionsf\u00e4hig ist selbstverst\u00e4ndlich. <\/p>\n\n\n\n<p><\/p>\n\n\n\n<p><\/p>\n","protected":false},"excerpt":{"rendered":"<p>Der RSV Schneckenlohe besteht seit 1999. Hier treffen sich Radsport begeisterte zum gemeinsamen Radeln. Bei Interesse einfach eine Email an uns. Ihr k\u00f6nnt euch das Training erstmal unverbindlich anschauen. Willkommen sind alle ob Anf\u00e4nger, Fortgeschrittene oder Profi einzige Voraussetzung ist ein eignes Fahrrad. Zum Kinder und Jugendtraining k\u00f6nnen alle Kids kommen die schon ohne St\u00fctzr\u00e4der [&hellip;]<\/p>\n","protected":false},"author":1,"featured_media":0,"parent":0,"menu_order":0,"comment_status":"closed","ping_status":"open","template":"","meta":{"footnotes":""},"_links":{"self":[{"href":"https:\/\/rsv-querfeldein-schneckenlohe.de\/index.php?rest_route=\/wp\/v2\/pages\/2"}],"collection":[{"href":"https:\/\/rsv-querfeldein-schneckenlohe.de\/index.php?rest_route=\/wp\/v2\/pages"}],"about":[{"href":"https:\/\/rsv-querfeldein-schneckenlohe.de\/index.php?rest_route=\/wp\/v2\/types\/page"}],"author":[{"embeddable":true,"href":"https:\/\/rsv-querfeldein-schneckenlohe.de\/index.php?rest_route=\/wp\/v2\/users\/1"}],"replies":[{"embeddable":true,"href":"https:\/\/rsv-querfeldein-schneckenlohe.de\/index.php?rest_route=%2Fwp%2Fv2%2Fcomments&post=2"}],"version-history":[{"count":2,"href":"https:\/\/rsv-querfeldein-schneckenlohe.de\/index.php?rest_route=\/wp\/v2\/pages\/2\/revisions"}],"predecessor-version":[{"id":136,"href":"https:\/\/rsv-querfeldein-schneckenlohe.de\/index.php?rest_route=\/wp\/v2\/pages\/2\/revisions\/136"}],"wp:attachment":[{"href":"https:\/\/rsv-querfeldein-schneckenlohe.de\/index.php?rest_route=%2Fwp%2Fv2%2Fmedia&parent=2"}],"curies":[{"name":"wp","href":"https:\/\/api.w.org\/{rel}","templated":true}]}}